{"id":2,"date":"2019-04-29T12:40:25","date_gmt":"2019-04-29T12:40:25","guid":{"rendered":"https:\/\/foto.anders-web.de\/?page_id=2"},"modified":"2021-12-22T08:12:13","modified_gmt":"2021-12-22T08:12:13","slug":"sample-page","status":"publish","type":"page","link":"https:\/\/foto.anders-web.de\/","title":{"rendered":"Startseite"},"content":{"rendered":"\n<p>Fotografieren macht Spa\u00df, besonders, wenn spektakul\u00e4re Motive locken. Aber wer sich etwas intensiver mit dem &#8222;Drum und Dran&#8220; der Fotografie besch\u00e4ftigt, wird merken, dass oft auch ganz unspektakul\u00e4re Motive ihren Reiz haben, sie wollen nur geschickt in Szene gesetzt werden. So kann ein schlichter L\u00f6ffel aus dem Besteckkasten in der K\u00fcche zum kreativen Fotomodell avancieren. Nat\u00fcrlich geh\u00f6rt ein wenig \u00dcbung und das entsprechende Handwerkszeug dazu, aber auch beim Fotografieren ist noch kein Meister vom Himmel gefallen&#8230;<\/p>\n\n\n\n<figure class=\"wp-block-image\"><img loading=\"lazy\" decoding=\"async\" width=\"1024\" height=\"683\" src=\"https:\/\/foto.anders-web.de\/wp-content\/uploads\/2020\/03\/D75_1818-1024x683.jpg\" alt=\"\" class=\"wp-image-1319\" srcset=\"https:\/\/foto.anders-web.de\/wp-content\/uploads\/2020\/03\/D75_1818-1024x683.jpg 1024w, https:\/\/foto.anders-web.de\/wp-content\/uploads\/2020\/03\/D75_1818-300x200.jpg 300w, https:\/\/foto.anders-web.de\/wp-content\/uploads\/2020\/03\/D75_1818-768x512.jpg 768w, https:\/\/foto.anders-web.de\/wp-content\/uploads\/2020\/03\/D75_1818-210x140.jpg 210w, https:\/\/foto.anders-web.de\/wp-content\/uploads\/2020\/03\/D75_1818-1536x1024.jpg 1536w, https:\/\/foto.anders-web.de\/wp-content\/uploads\/2020\/03\/D75_1818-1960x1306.jpg 1960w\" sizes=\"(max-width: 980px) 100vw, 980px\" \/><\/figure>\n\n\n\n<p>Seit rund 30 Jahren besch\u00e4ftige ich mich  nun schon mit dem Thema &#8222;Fotografieren&#8220; und dies einige Jahre sogar beruflich. Inzwischen haben sich mehr als 30.000 Bilder in meinen analogen und digitalen &#8222;Schuhkartons&#8220; angesammelt. Eine kleine Auswahl m\u00f6chte ich an dieser Stelle gerne pr\u00e4sentieren. Dabei sind zuf\u00e4llig entstandene Schnappsch\u00fcsse, genau so wie entsprechend arrangierte Bilder. Alle haben sie ihre Geschichte und f\u00fcr mich ihren besonderen Reiz. Viele davon mit  Erinnerungen verkn\u00fcpft. Manche Bilder sind einfach so gelungen, andere am Computer nachbearbeitet oder retuschiert.<\/p>\n\n\n\n<p><\/p>\n","protected":false},"excerpt":{"rendered":"<p>Fotografieren macht Spa\u00df, besonders, wenn spektakul\u00e4re Motive locken. Aber wer sich etwas intensiver mit dem &#8222;Drum und Dran&#8220; der Fotografie besch\u00e4ftigt, wird merken, dass oft auch ganz unspektakul\u00e4re Motive ihren Reiz haben, sie wollen nur geschickt in Szene gesetzt werden. So kann ein schlichter L\u00f6ffel aus dem Besteckkasten in der K\u00fcche zum kreativen Fotomodell avancieren. [&hellip;]<\/p>\n","protected":false},"author":1,"featured_media":0,"parent":0,"menu_order":0,"comment_status":"closed","ping_status":"closed","template":"page-full-width.php","meta":{"footnotes":""},"_links":{"self":[{"href":"https:\/\/foto.anders-web.de\/index.php?rest_route=\/wp\/v2\/pages\/2"}],"collection":[{"href":"https:\/\/foto.anders-web.de\/index.php?rest_route=\/wp\/v2\/pages"}],"about":[{"href":"https:\/\/foto.anders-web.de\/index.php?rest_route=\/wp\/v2\/types\/page"}],"author":[{"embeddable":true,"href":"https:\/\/foto.anders-web.de\/index.php?rest_route=\/wp\/v2\/users\/1"}],"replies":[{"embeddable":true,"href":"https:\/\/foto.anders-web.de\/index.php?rest_route=%2Fwp%2Fv2%2Fcomments&post=2"}],"version-history":[{"count":22,"href":"https:\/\/foto.anders-web.de\/index.php?rest_route=\/wp\/v2\/pages\/2\/revisions"}],"predecessor-version":[{"id":3006,"href":"https:\/\/foto.anders-web.de\/index.php?rest_route=\/wp\/v2\/pages\/2\/revisions\/3006"}],"wp:attachment":[{"href":"https:\/\/foto.anders-web.de\/index.php?rest_route=%2Fwp%2Fv2%2Fmedia&parent=2"}],"curies":[{"name":"wp","href":"https:\/\/api.w.org\/{rel}","templated":true}]}}